{"id":61,"date":"2023-07-11T13:40:24","date_gmt":"2023-07-11T13:40:24","guid":{"rendered":"https:\/\/surplagehotel-cavaliere.com\/?page_id=61"},"modified":"2023-07-28T12:00:59","modified_gmt":"2023-07-28T10:00:59","slug":"mentions-legales","status":"publish","type":"page","link":"https:\/\/surplagehotel-cavaliere.com\/de\/mentions-legales\/","title":{"rendered":"Rechtliche Hinweise"},"content":{"rendered":"<div data-elementor-type=\"wp-page\" data-elementor-id=\"61\" class=\"elementor elementor-61\" data-elementor-post-type=\"page\">\n\t\t\t\t<div class=\"elementor-element elementor-element-e725825 e-con-full e-flex e-con e-parent\" data-id=\"e725825\" data-element_type=\"container\" data-e-type=\"container\">\n\t\t\t\t<div class=\"elementor-element elementor-element-6cc169f elementor-widget elementor-widget-heading\" data-id=\"6cc169f\" data-element_type=\"widget\" data-e-type=\"widget\" data-widget_type=\"heading.default\">\n\t\t\t\t\t<h1 class=\"elementor-heading-title elementor-size-default\">Rechtliche Hinweise<\/h1>\t\t\t\t<\/div>\n\t\t\t\t<div class=\"elementor-element elementor-element-351b652 elementor-widget elementor-widget-text-editor\" data-id=\"351b652\" data-element_type=\"widget\" data-e-type=\"widget\" data-widget_type=\"text-editor.default\">\n\t\t\t\t\t\t\t\t\t<ul><li>Leiter der Ver\u00f6ffentlichung: Pascal Dokhan<\/li><\/ul><h3><strong><u><br \/>Unterkunft\u00a0<\/u><\/strong><\/h3><p>Website, die auf einem Server der Firma o2switch mit Sitz in Frankreich gehostet wird.<\/p><p>Design und Wartung: CONCILIUM.<\/p><p>Die auf dieser Website mitgeteilten Informationen dienen lediglich der Orientierung. Trotz der Aktualisierung des Inhalts der Website kann XXX nicht f\u00fcr \u00c4nderungen der administrativen und rechtlichen Bestimmungen haftbar gemacht werden, die nach der Ver\u00f6ffentlichung eintreten.<\/p><p>XXX \u00fcbernimmt keine Verantwortung f\u00fcr Links, die von anderen Websites auf ihre eigenen Websites verweisen. Aus der Existenz solcher Links kann nicht abgeleitet werden, dass XXX diese Websites unterst\u00fctzt oder deren Inhalt billigt.<\/p><h3><strong><u>Schutz von pers\u00f6nlichen Daten<\/u><\/strong><\/h3><p>Die \u00fcber diese Website durchgef\u00fchrten Behandlungen wurden in das Register der Aktivit\u00e4ten von XXX eingetragen.<\/p><h3><strong><u>Die Website und die Verarbeitung personenbezogener Informationen<\/u><\/strong><\/h3><p>Die im Rahmen der Website durchgef\u00fchrte Verarbeitung von namentlichen Informationen dient dem Zweck \"Verwaltung der Website\" unter der URL XXX f\u00fcr die Nutzer.<\/p><p>Diese Website wurde so konzipiert, dass die Erhebung von personenbezogenen Daten oder namentlichen Informationen auf ein Minimum reduziert wird.<\/p><h3><strong><u>Obligatorischer Charakter der Datenerhebung und Folgen bei Nichtbereitstellung der Daten<\/u><\/strong><\/h3><p>Die Daten, die w\u00e4hrend des Surfens gesammelt werden (insbesondere Cookies), um das Publikum der Websites und die Nutzung der Online-Dienste zu messen, haben einen freiwilligen Charakter.<\/p><p><strong><u>Verwendung von Cookies<\/u><\/strong><\/p><p>XXX, und die interaktiven Anwendungen k\u00f6nnen \"Cookies\" verwenden, um die Besucherzahlen zu messen. Die Besucherstatistiken erm\u00f6glichen es insbesondere, die Navigation der Website oder der Anwendungen zu optimieren oder bestimmte Inhalte zu organisieren.<\/p><h3><strong><u>Urheberrecht und \u00dcbernahme von Online-Inhalten<\/u><\/strong><\/h3><p>Die Website sowie alle Elemente, aus denen sie besteht, insbesondere redaktionelle, grafische, fotografische, akustische und Video-Elemente, sind ausschlie\u00dfliches Eigentum von XXX oder von Dritten, die XXX die Erlaubnis erteilt haben, sie zu verwenden.<\/p><p>Jede vollst\u00e4ndige oder teilweise Vervielf\u00e4ltigung der Website und ihres Inhalts ohne vorherige ausdr\u00fcckliche Genehmigung von d'XXX ist untersagt und stellt eine F\u00e4lschung dar, die gem\u00e4\u00df den Artikeln L.335-2 ff. des Gesetzes \u00fcber geistiges Eigentum bestraft wird.<\/p><p>Videocredits Homepage: XXX<\/p>\t\t\t\t\t\t\t\t<\/div>\n\t\t\t\t<\/div>\n\t\t\t\t<\/div>","protected":false},"excerpt":{"rendered":"<p>Mentions l\u00e9gales Directeur de la publication : Pascal Dokhan H\u00e9bergement\u00a0 Site internet h\u00e9berg\u00e9 sur un serveur de la soci\u00e9t\u00e9 o2switch situ\u00e9 en France. Conception et maintenance : CONCILIUM. L\u2019information communiqu\u00e9e sur ce site est pr\u00e9sent\u00e9e \u00e0 titre indicatif. Malgr\u00e9 les mises \u00e0 jour du contenu du site, XXX ne peut \u00eatre tenue pour responsable de [&hellip;]<\/p>\n","protected":false},"author":1,"featured_media":0,"parent":0,"menu_order":0,"comment_status":"closed","ping_status":"closed","template":"","meta":{"_acf_changed":false,"footnotes":""},"class_list":["post-61","page","type-page","status-publish","hentry"],"acf":[],"_links":{"self":[{"href":"https:\/\/surplagehotel-cavaliere.com\/de\/wp-json\/wp\/v2\/pages\/61","targetHints":{"allow":["GET"]}}],"collection":[{"href":"https:\/\/surplagehotel-cavaliere.com\/de\/wp-json\/wp\/v2\/pages"}],"about":[{"href":"https:\/\/surplagehotel-cavaliere.com\/de\/wp-json\/wp\/v2\/types\/page"}],"author":[{"embeddable":true,"href":"https:\/\/surplagehotel-cavaliere.com\/de\/wp-json\/wp\/v2\/users\/1"}],"replies":[{"embeddable":true,"href":"https:\/\/surplagehotel-cavaliere.com\/de\/wp-json\/wp\/v2\/comments?post=61"}],"version-history":[{"count":35,"href":"https:\/\/surplagehotel-cavaliere.com\/de\/wp-json\/wp\/v2\/pages\/61\/revisions"}],"predecessor-version":[{"id":2141,"href":"https:\/\/surplagehotel-cavaliere.com\/de\/wp-json\/wp\/v2\/pages\/61\/revisions\/2141"}],"wp:attachment":[{"href":"https:\/\/surplagehotel-cavaliere.com\/de\/wp-json\/wp\/v2\/media?parent=61"}],"curies":[{"name":"wp","href":"https:\/\/api.w.org\/{rel}","templated":true}]}}