{"id":63,"date":"2023-07-11T13:40:50","date_gmt":"2023-07-11T13:40:50","guid":{"rendered":"https:\/\/surplagehotel-cavaliere.com\/?page_id=63"},"modified":"2023-07-28T12:04:49","modified_gmt":"2023-07-28T10:04:49","slug":"politique-de-confidentialite","status":"publish","type":"page","link":"https:\/\/surplagehotel-cavaliere.com\/en\/politique-de-confidentialite\/","title":{"rendered":"Privacy policy"},"content":{"rendered":"<div data-elementor-type=\"wp-page\" data-elementor-id=\"63\" class=\"elementor elementor-63\" data-elementor-post-type=\"page\">\n\t\t\t\t<div class=\"elementor-element elementor-element-13dcfa6 e-con-full e-flex e-con e-parent\" data-id=\"13dcfa6\" data-element_type=\"container\" data-e-type=\"container\">\n\t\t\t\t<div class=\"elementor-element elementor-element-239a1ac elementor-widget elementor-widget-heading\" data-id=\"239a1ac\" data-element_type=\"widget\" data-e-type=\"widget\" data-widget_type=\"heading.default\">\n\t\t\t\t\t<h1 class=\"elementor-heading-title elementor-size-default\">Privacy policy<\/h1>\t\t\t\t<\/div>\n\t\t\t\t<div class=\"elementor-element elementor-element-345897a elementor-widget elementor-widget-text-editor\" data-id=\"345897a\" data-element_type=\"widget\" data-e-type=\"widget\" data-widget_type=\"text-editor.default\">\n\t\t\t\t\t\t\t\t\t<div id=\"block-titredepage\">\n\nThis privacy policy describes how personal data relating to users (hereinafter the \"User(s)\") of the surplagehotel-cavaliere.com website (the \"Website\") is collected and processed.\n\n<\/div>\n<div id=\"block-azincourt-content\">\n<div class=\"champ contenu\">\n<div class=\"paragraphe\">\n<div class=\"champ texte\">\n<h3>Who is the data controller?<\/h3>\nPersonal data is processed by surplagehotel-cavaliere.com, acting in its capacity as data controller.\n\nAs data controller, we are committed to protecting the privacy of users of the Site within the framework of European and French regulations on personal data.\n<h3>What personal data do we collect?<\/h3>\nWe collect certain personal data entered directly by the User when they enter their contact details (surname, first name, email address and the reason for the consultation via the contact form).\n\nOther data may be collected during the User's visit to the Site, such as :\n<ul>\n    <li>IP address;<\/li>\n    <li>data on the User's browsing (pages visited, etc.), as more fully described below.<\/li>\n<\/ul>\n<h3>Why is my personal data collected, by whom and for what purposes?<\/h3>\nWe collect your personal data in order to provide you with the best possible service. The table below gives you an overview of how we process your personal data as part of the service we provide.\n<h3>How long are my personal details kept?<\/h3>\nWe will only keep your personal information for as long as is strictly necessary for the purposes set out above or to comply with our legal obligations (see above).\n<h3>With whom is my personal data shared?<\/h3>\nWe only pass on your personal data to third parties in the following limited cases:\n<ul>\n    <li>transmission of your contact details to a third-party emailing service provider bound by an obligation of confidentiality in order to send you newsletters;<\/li>\n    <li>hosting of your data by a hosting service provider located in the European Union who is required to ensure data confidentiality;<\/li>\n    <li>communication of your personal data to our external advisers (lawyers, accountants, auditors, etc.) who are bound by an obligation of confidentiality;<\/li>\n    <li>communication of your personal data to the competent authorities pursuant to applicable law and\/or a court order.<\/li>\n<\/ul>\n<h3>What are my rights and how can I exercise them?<\/h3>\nIn accordance with the General Data Protection Regulation (GDPR), you have the right to access, rectify, delete, limit the processing of, object to and port your data.\n\nTo exercise your rights, please contact the data controller at the following address: surplagehotel-cavaliere.com\n\nIf you consider that your rights have not been respected, you may also lodge a complaint with the CNIL or any other competent authority.\n\nFinally, you may choose not to provide us with your personal information.\n<h3>How can I withdraw my consent to the processing of my personal data?<\/h3>\nIf you decide to use some of our services (such as the newsletter), we may ask you for your explicit consent to process your personal data.\n\nThe withdrawal of consent by a User will have no impact on the experience offered on our Site outside the scope of the processing concerned.\n\nUsers may withdraw their consent at any time, as follows:\n<ul>\n    <li>Cookies: you can change your cookie settings at the following link (depending on your browser):<\/li>\n<\/ul>\n<a href=\"https:\/\/support.mozilla.org\/fr\/kb\/cookies-informations-sites-enregistrent\" target=\"_blank\" rel=\"noopener noreferrer\">Firefox<\/a>\n\n<a href=\"https:\/\/support.google.com\/chrome\/answer\/95647\" target=\"_blank\" rel=\"noopener noreferrer\">Chrome<\/a>\n\n<a href=\"https:\/\/support.apple.com\/fr-fr\/guide\/safari\/sfri11471\/mac\" target=\"_blank\" rel=\"noopener noreferrer\">Safari<\/a>\n\n<a href=\"https:\/\/privacy.microsoft.com\/fr-fr\/windows-10-microsoft-edge-and-privacy\" target=\"_blank\" rel=\"noopener noreferrer\">Edge\u00a0<\/a>\n\n<a href=\"https:\/\/support.microsoft.com\/fr-fr\/help\/17442\/windows-internet-explorer-delete-manage-cookies\" target=\"_blank\" rel=\"noopener noreferrer\">Internet Explorer<\/a>\n<h3>How can I find out more about personal data management?<\/h3>\nYou can find out more about the RGPD, your rights and how to exercise them on the\u00a0<a href=\"https:\/\/www.cnil.fr\/\" target=\"_blank\" rel=\"noopener noreferrer\">CNIL<\/a>.\n\nAnd in the :\n<ul>\n    <li><a href=\"https:\/\/www.cnil.fr\/fr\/reglement-europeen-protection-donnees\" target=\"_blank\" rel=\"noopener noreferrer\">Regulation (EU) 2016\/679 of the European Parliament and of the Council of 27 April 2016<\/a><\/li>\n    <li><a href=\"https:\/\/www.cnil.fr\/fr\/maitriser-mes-donnees\" target=\"_blank\" rel=\"noopener noreferrer\">Controlling my data<\/a><\/li>\n    <li><a href=\"https:\/\/www.cnil.fr\/fr\/les-droits-pour-maitriser-vos-donnees-personnelles\" target=\"_blank\" rel=\"noopener noreferrer\">Your rights to control your personal data<\/a><\/li>\n<\/ul>\n<h3>What cookies are used on the site?<\/h3>\nWhen you visit our site, cookies are placed on your computer. These automatically transmit certain browsing data to us.\n\nA cookie is a text file that the server (the Site) you are visiting stores on your hard drive or in your browser's memory and that enables its issuer to identify the terminal in which it is stored, for the duration of the cookie's validity or storage.\n\nSome cookies, known as functional cookies, are essential to the use of the Site (session cookies, for example), while others (audience measurement, targeted advertising), for which your consent is required, make it possible to optimise and personalise the content displayed on the Site.\n\nOnce the User has accepted the deposit of all or some of the cookies, the User's Internet browser automatically transmits information to us, such as his\/her IP (Internet Protocol) address, the browser version of the terminal he\/she is using and his\/her visit to the Site (pages visited).\n\nYou can configure your browser at any time to receive notification when a cookie is sent or to prevent the use of cookies.\n\nWhile most browsers are set by default to accept the installation of all cookies, you can, if you wish, choose to accept the deposit of all cookies, or to reject them systematically, or to choose which cookies you accept depending on who is sending them, by making certain settings. We would like to draw your attention to the fact that if you refuse to accept purely technical cookies, your experience may be degraded.\n\nYou may withdraw your consent at any time by changing the settings.\n<h3>Can this policy be changed?<\/h3>\nWe may change and update this privacy policy from time to time. All changes will be effective upon publication of such revisions. If the changes are material, we will notify our Users by sending a notice to the e-mail address you have provided or by posting a notice on our Site. We invite you to consult our Confidentiality Policy regularly so that you are aware of the most recent version.\n\n<\/div>\n<\/div>\n<\/div>\n<\/divsurplagehotel-cavaliere.com\t\t\t\t\t\t\t\t<\/div>\n\t\t\t\t<\/div>\n\t\t\t\t<\/div>","protected":false},"excerpt":{"rendered":"<p>Politique de confidentialit\u00e9 La pr\u00e9sente politique de confidentialit\u00e9 d\u00e9crit les modalit\u00e9s de collecte et de traitement des donn\u00e9es personnelles relatives aux utilisateurs (ci-apr\u00e8s le ou les \u00ab Utilisateur(s) \u00bb) du site Internet\u00a0surplagehotel-cavaliere.com\u00a0(le \u00ab\u00a0Site\u00a0\u00bb). Qui est le responsable du traitement ? Le traitement de donn\u00e9es personnelles est mis en \u0153uvre par le surplagehotel-cavaliere.com, agissant en qualit\u00e9 [&hellip;]<\/p>\n","protected":false},"author":1,"featured_media":0,"parent":0,"menu_order":0,"comment_status":"closed","ping_status":"closed","template":"","meta":{"_acf_changed":false,"footnotes":""},"class_list":["post-63","page","type-page","status-publish","hentry"],"acf":[],"_links":{"self":[{"href":"https:\/\/surplagehotel-cavaliere.com\/en\/wp-json\/wp\/v2\/pages\/63","targetHints":{"allow":["GET"]}}],"collection":[{"href":"https:\/\/surplagehotel-cavaliere.com\/en\/wp-json\/wp\/v2\/pages"}],"about":[{"href":"https:\/\/surplagehotel-cavaliere.com\/en\/wp-json\/wp\/v2\/types\/page"}],"author":[{"embeddable":true,"href":"https:\/\/surplagehotel-cavaliere.com\/en\/wp-json\/wp\/v2\/users\/1"}],"replies":[{"embeddable":true,"href":"https:\/\/surplagehotel-cavaliere.com\/en\/wp-json\/wp\/v2\/comments?post=63"}],"version-history":[{"count":44,"href":"https:\/\/surplagehotel-cavaliere.com\/en\/wp-json\/wp\/v2\/pages\/63\/revisions"}],"predecessor-version":[{"id":2146,"href":"https:\/\/surplagehotel-cavaliere.com\/en\/wp-json\/wp\/v2\/pages\/63\/revisions\/2146"}],"wp:attachment":[{"href":"https:\/\/surplagehotel-cavaliere.com\/en\/wp-json\/wp\/v2\/media?parent=63"}],"curies":[{"name":"wp","href":"https:\/\/api.w.org\/{rel}","templated":true}]}}